{"id":99,"date":"2020-04-15T22:10:26","date_gmt":"2020-04-15T20:10:26","guid":{"rendered":"http:\/\/o2sports.fr\/?page_id=99"},"modified":"2022-04-08T14:51:36","modified_gmt":"2022-04-08T12:51:36","slug":"entreprises","status":"publish","type":"page","link":"https:\/\/o2sports.fr\/index.php\/entreprises\/","title":{"rendered":"ENTREPRISES"},"content":{"rendered":"\n<p class=\"has-white-color has-text-color has-background has-medium-font-size\" style=\"background-color:#ff6c09\"><strong>COMITE D&rsquo;ENTREPRISE<\/strong><\/p>\n\n\n\n<p>O2 Sports vous propose tout un panel d\u2019activit\u00e9s insolites et fun. Si vous souhaitez en faire b\u00e9n\u00e9ficier vos adh\u00e9rents prenez contact avec nous.<\/p>\n\n\n\n<p class=\"has-white-color has-text-color has-background has-medium-font-size\" style=\"background-color:#ff6c09\"><strong>TEAM BUILDING<\/strong><\/p>\n\n\n\n<p>Coh\u00e9sion et amusement&nbsp;! Voil\u00e0 ce qui r\u00e9sume notre \u00e9tat d\u2019esprit lorsque nous concevons les nos activit\u00e9s pour vos Teams Building.<\/p>\n\n\n\n<p>Gr\u00e2ce \u00e0 notre exp\u00e9rience et notre cr\u00e9ativit\u00e9, nous sommes en mesure de vous proposer des activit\u00e9s en lien avec vos attentes. Contactez notre \u00e9quipe pour construire votre animation.<\/p>\n\n\n\n<p>Nous pouvons vous proposer des activit\u00e9s pour faire \u00e9merger une caract\u00e9ristique au sein de votre \u00e9quipe (leadership, esprit d\u2019\u00e9quipe, coh\u00e9sion, dialogue\u2026). Nous pouvons \u00e9galement proposer des activit\u00e9s&nbsp; afin de cr\u00e9er un moment de d\u00e9tente pour votre \u00e9quipe.<\/p>\n","protected":false},"excerpt":{"rendered":"<p>COMITE D&rsquo;ENTREPRISE O2 Sports vous propose tout un panel d\u2019activit\u00e9s insolites et fun. Si vous souhaitez en faire b\u00e9n\u00e9ficier vos adh\u00e9rents prenez contact avec nous. TEAM BUILDING Coh\u00e9sion et amusement&nbsp;! Voil\u00e0 ce qui r\u00e9sume notre \u00e9tat d\u2019esprit lorsque nous concevons les nos activit\u00e9s pour vos Teams Building. Gr\u00e2ce \u00e0 notre exp\u00e9rience et notre cr\u00e9ativit\u00e9, nous [&hellip;]<\/p>\n","protected":false},"author":1,"featured_media":0,"parent":0,"menu_order":0,"comment_status":"closed","ping_status":"closed","template":"","meta":[],"_links":{"self":[{"href":"https:\/\/o2sports.fr\/index.php\/wp-json\/wp\/v2\/pages\/99"}],"collection":[{"href":"https:\/\/o2sports.fr\/index.php\/wp-json\/wp\/v2\/pages"}],"about":[{"href":"https:\/\/o2sports.fr\/index.php\/wp-json\/wp\/v2\/types\/page"}],"author":[{"embeddable":true,"href":"https:\/\/o2sports.fr\/index.php\/wp-json\/wp\/v2\/users\/1"}],"replies":[{"embeddable":true,"href":"https:\/\/o2sports.fr\/index.php\/wp-json\/wp\/v2\/comments?post=99"}],"version-history":[{"count":3,"href":"https:\/\/o2sports.fr\/index.php\/wp-json\/wp\/v2\/pages\/99\/revisions"}],"predecessor-version":[{"id":731,"href":"https:\/\/o2sports.fr\/index.php\/wp-json\/wp\/v2\/pages\/99\/revisions\/731"}],"wp:attachment":[{"href":"https:\/\/o2sports.fr\/index.php\/wp-json\/wp\/v2\/media?parent=99"}],"curies":[{"name":"wp","href":"https:\/\/api.w.org\/{rel}","templated":true}]}}