{"id":96,"date":"2020-04-15T22:10:26","date_gmt":"2020-04-15T20:10:26","guid":{"rendered":"http:\/\/o2sports.fr\/?page_id=96"},"modified":"2022-05-27T12:02:01","modified_gmt":"2022-05-27T10:02:01","slug":"laser-tag","status":"publish","type":"page","link":"https:\/\/o2sports.fr\/index.php\/laser-tag\/","title":{"rendered":"LASER TAG"},"content":{"rendered":"\n<div class=\"wp-block-cover alignleft is-light\"><span aria-hidden=\"true\" class=\"has-background-dim-40 wp-block-cover__gradient-background has-background-dim\"><\/span><video class=\"wp-block-cover__video-background intrinsic-ignore\" autoplay muted loop playsinline src=\"http:\/\/o2sports.fr\/wp-content\/uploads\/2022\/04\/153903170_2896906370633165_1148368120132884509_n.mp4\" data-object-fit=\"cover\"><\/video><div class=\"wp-block-cover__inner-container\">\n<p class=\"has-white-color has-text-color has-large-font-size\"><a href=\"https:\/\/www.reservation.o2sports.fr\/activites\/laser-tag.html\" data-type=\"URL\">RESERVEZ VOS PARTIES<\/a><\/p>\n<\/div><\/div>\n\n\n\n<p>Un terrain de jeu grandeur nature, du fun, des sc\u00e9narios de folie et une exp\u00e9rience inoubliable. Chaque joueur est \u00e9quip\u00e9 d\u2019un casque avec 3 r\u00e9cepteurs, et un fusil laser. Le but est simple&nbsp;: toucher un maximum de fois l\u2019\u00e9quipe adverse pour marquer le plus de points possible.<\/p>\n\n\n\n<p>Votre terrain de jeu&nbsp;? Quasiment illimit\u00e9&nbsp;! Progressez \u00e0 travers les bois, cachez-vous derri\u00e8re un gros rocher, et surprenez vos adversaires au d\u00e9tour d\u2019un obstacle. Il faudra \u00eatre furtif et rapide pour dominer l\u2019\u00e9quipe adverse. Affrontez-vous jusqu\u2019\u00e0 6 contre 6.<\/p>\n\n\n\n<p>Vivez une aventure insolite et originale \u00e0 travers plusieurs modes de jeu sp\u00e9cialement concoct\u00e9s pour vous amuser. Soyez habile et pr\u00e9cis pour arriver \u00e0 toucher le plus d\u2019adversaires possible. Capture de drapeaux, roi de la colline, course aux points&#8230; Coop\u00e9rez pour gagner.<\/p>\n\n\n\n<p>Le laser tag se pratique en ext\u00e9rieur mais aussi en int\u00e9rieur avec suffisamment d\u2019obstacle.<\/p>\n\n\n\n<div style=\"height:15px\" aria-hidden=\"true\" class=\"wp-block-spacer\"><\/div>\n\n\n\n<hr class=\"wp-block-separator has-text-color has-background has-luminous-vivid-orange-background-color has-luminous-vivid-orange-color is-style-wide\"\/>\n\n\n\n<figure class=\"wp-container-2 wp-block-gallery-1 wp-block-gallery has-nested-images columns-default is-cropped\">\n<figure class=\"wp-block-image size-large is-style-default\"><img loading=\"lazy\" width=\"764\" height=\"1024\" data-id=\"680\"  src=\"http:\/\/o2sports.fr\/wp-content\/uploads\/2022\/04\/277823127_3252128528444147_6448992180711645790_n-1-764x1024.jpg\" alt=\"\" class=\"wp-image-680\" srcset=\"https:\/\/o2sports.fr\/wp-content\/uploads\/2022\/04\/277823127_3252128528444147_6448992180711645790_n-1-764x1024.jpg 764w, https:\/\/o2sports.fr\/wp-content\/uploads\/2022\/04\/277823127_3252128528444147_6448992180711645790_n-1-224x300.jpg 224w, https:\/\/o2sports.fr\/wp-content\/uploads\/2022\/04\/277823127_3252128528444147_6448992180711645790_n-1-768x1029.jpg 768w, https:\/\/o2sports.fr\/wp-content\/uploads\/2022\/04\/277823127_3252128528444147_6448992180711645790_n-1-1146x1536.jpg 1146w, https:\/\/o2sports.fr\/wp-content\/uploads\/2022\/04\/277823127_3252128528444147_6448992180711645790_n-1.jpg 1504w\" sizes=\"(max-width: 764px) 100vw, 764px\" \/><\/figure>\n\n\n\n<figure class=\"wp-block-image size-large is-style-default\"><img loading=\"lazy\" width=\"1024\" height=\"768\" data-id=\"681\"  src=\"http:\/\/o2sports.fr\/wp-content\/uploads\/2022\/04\/277707417_1068786870376158_3899672378122717897_n-1024x768.jpg\" alt=\"\" class=\"wp-image-681\" srcset=\"https:\/\/o2sports.fr\/wp-content\/uploads\/2022\/04\/277707417_1068786870376158_3899672378122717897_n-1024x768.jpg 1024w, https:\/\/o2sports.fr\/wp-content\/uploads\/2022\/04\/277707417_1068786870376158_3899672378122717897_n-300x225.jpg 300w, https:\/\/o2sports.fr\/wp-content\/uploads\/2022\/04\/277707417_1068786870376158_3899672378122717897_n-768x576.jpg 768w, https:\/\/o2sports.fr\/wp-content\/uploads\/2022\/04\/277707417_1068786870376158_3899672378122717897_n-1536x1152.jpg 1536w, https:\/\/o2sports.fr\/wp-content\/uploads\/2022\/04\/277707417_1068786870376158_3899672378122717897_n.jpg 2016w\" sizes=\"(max-width: 1024px) 100vw, 1024px\" \/><\/figure>\n\n\n\n<figure class=\"wp-block-image size-large is-style-default\"><img loading=\"lazy\" width=\"1024\" height=\"768\" data-id=\"683\"  src=\"http:\/\/o2sports.fr\/wp-content\/uploads\/2022\/04\/277824610_548345460044684_3431516133764644647_n-1024x768.jpg\" alt=\"\" class=\"wp-image-683\" srcset=\"https:\/\/o2sports.fr\/wp-content\/uploads\/2022\/04\/277824610_548345460044684_3431516133764644647_n-1024x768.jpg 1024w, https:\/\/o2sports.fr\/wp-content\/uploads\/2022\/04\/277824610_548345460044684_3431516133764644647_n-300x225.jpg 300w, https:\/\/o2sports.fr\/wp-content\/uploads\/2022\/04\/277824610_548345460044684_3431516133764644647_n-768x576.jpg 768w, https:\/\/o2sports.fr\/wp-content\/uploads\/2022\/04\/277824610_548345460044684_3431516133764644647_n-1536x1152.jpg 1536w, https:\/\/o2sports.fr\/wp-content\/uploads\/2022\/04\/277824610_548345460044684_3431516133764644647_n.jpg 2016w\" sizes=\"(max-width: 1024px) 100vw, 1024px\" \/><\/figure>\n<\/figure>\n\n\n\n<hr class=\"wp-block-separator has-text-color has-background has-luminous-vivid-orange-background-color has-luminous-vivid-orange-color is-style-wide\"\/>\n\n\n\n<p class=\"has-luminous-vivid-orange-color has-text-color has-medium-font-size\" style=\"font-style:normal;font-weight:600\">INFOS PRATIQUES:<\/p>\n\n\n\n<p>Environnement:<\/p>\n\n\n\n<div class=\"wp-container-3 wp-block-buttons\">\n<div class=\"wp-block-button is-style-fill\"><a class=\"wp-block-button__link has-white-color has-text-color has-background\" style=\"background-color:#3a6621\">OUTDOOR<\/a><\/div>\n\n\n\n<div class=\"wp-block-button\"><a class=\"wp-block-button__link has-background\" style=\"background-color:#3a6621\">INDOOR<\/a><\/div>\n\n\n\n<div class=\"wp-block-button\"><a class=\"wp-block-button__link has-background\" style=\"background-color:#3a6621\">TERRAIN  &gt; 500 m\u00b2<\/a><\/div>\n<\/div>\n\n\n\n<hr class=\"wp-block-separator has-text-color has-background has-luminous-vivid-orange-background-color has-luminous-vivid-orange-color is-style-wide\"\/>\n\n\n\n<p>Pratiquant:<\/p>\n\n\n\n<div class=\"wp-container-4 wp-block-buttons\">\n<div class=\"wp-block-button\"><a class=\"wp-block-button__link has-white-color has-text-color has-background\" style=\"background-color:#366621\">A PARTIR DE 7 ANS<\/a><\/div>\n\n\n\n<div class=\"wp-block-button\"><a class=\"wp-block-button__link has-white-color has-text-color has-background\" style=\"background-color:#366621\">ENFANT<\/a><\/div>\n\n\n\n<div class=\"wp-block-button\"><a class=\"wp-block-button__link has-white-color has-text-color has-background\" style=\"background-color:#366621\">ADOLESCENT<\/a><\/div>\n\n\n\n<div class=\"wp-block-button\"><a class=\"wp-block-button__link has-white-color has-text-color has-background\" style=\"background-color:#366621\">ADULTE<\/a><\/div>\n<\/div>\n\n\n\n<div style=\"height:15px\" aria-hidden=\"true\" class=\"wp-block-spacer\"><\/div>\n\n\n\n<div class=\"wp-container-5 wp-block-buttons\">\n<div class=\"wp-block-button\"><a class=\"wp-block-button__link has-white-color has-text-color has-background\" style=\"background-color:#3a6621\">6 \u00e0 12 JOUEURS<\/a><\/div>\n<\/div>\n\n\n\n<div style=\"height:15px\" aria-hidden=\"true\" class=\"wp-block-spacer\"><\/div>\n\n\n\n<div class=\"wp-container-6 wp-block-buttons\">\n<div class=\"wp-block-button\"><a class=\"wp-block-button__link has-white-color has-text-color has-background\" style=\"background-color:#3a6621\">PARTICULIER<\/a><\/div>\n\n\n\n<div class=\"wp-block-button\"><a class=\"wp-block-button__link has-white-color has-text-color has-background\" style=\"background-color:#3a6621\">GROUPE <\/a><\/div>\n\n\n\n<div class=\"wp-block-button\"><a class=\"wp-block-button__link has-white-color has-text-color has-background\" style=\"background-color:#3a6621\">ACM <\/a><\/div>\n\n\n\n<div class=\"wp-block-button\"><a class=\"wp-block-button__link has-white-color has-text-color has-background\" style=\"background-color:#3a6621\">SCOLAIRE<\/a><\/div>\n\n\n\n<div class=\"wp-block-button\"><a class=\"wp-block-button__link has-white-color has-text-color has-background\" style=\"background-color:#3a6621\">ENTREPRISE <\/a><\/div>\n<\/div>\n\n\n\n<hr class=\"wp-block-separator has-text-color has-background has-luminous-vivid-orange-background-color has-luminous-vivid-orange-color is-style-wide\"\/>\n\n\n\n<p>Temps d&rsquo;animation:<\/p>\n\n\n\n<div class=\"wp-container-7 wp-block-buttons\">\n<div class=\"wp-block-button\"><a class=\"wp-block-button__link has-white-color has-text-color has-background\" style=\"background-color:#3a6621\">1h00 <\/a><\/div>\n\n\n\n<div class=\"wp-block-button\"><a class=\"wp-block-button__link has-white-color has-text-color has-background\" style=\"background-color:#3a6621\">2h00 <\/a><\/div>\n<\/div>\n\n\n\n<hr class=\"wp-block-separator has-text-color has-background has-luminous-vivid-orange-background-color has-luminous-vivid-orange-color is-style-wide\"\/>\n\n\n\n<p>Nos lasers utilisent une technologie infrarouge et wifi autonome qui nous permettent d&rsquo;installer nos aires de jeu en int\u00e9rieur et en ext\u00e9rieur avec une port\u00e9e de tir pouvant atteindre 200m.<\/p>\n\n\n\n<hr class=\"wp-block-separator has-text-color has-background has-luminous-vivid-orange-background-color has-luminous-vivid-orange-color is-style-wide\"\/>\n\n\n\n<p class=\"has-text-align-center has-white-color has-text-color has-background has-large-font-size\" style=\"background-color:#ff6c00;font-style:normal;font-weight:700;text-transform:uppercase\"><a href=\"https:\/\/www.reservation.o2sports.fr\/activites\/laser-tag.html\" data-type=\"URL\">POUR RESERVER, C&rsquo;EST ICI<\/a><\/p>\n\n\n\n<blockquote class=\"wp-block-quote\"><p>Une activit\u00e9 id\u00e9ale pour les anniversaires de vos enfants ou pour les groupes d\u2019enfant \u00e2g\u00e9 de 8 \u00e0 16 ans.<\/p><cite>L&rsquo;\u00e9quipe d&rsquo;O2 Sports.<\/cite><\/blockquote>\n\n\n\n<p><\/p>\n","protected":false},"excerpt":{"rendered":"<p>Un terrain de jeu grandeur nature, du fun, des sc\u00e9narios de folie et une exp\u00e9rience inoubliable. Chaque joueur est \u00e9quip\u00e9 d\u2019un casque avec 3 r\u00e9cepteurs, et un fusil laser. Le but est simple&nbsp;: toucher un maximum de fois l\u2019\u00e9quipe adverse pour marquer le plus de points possible. Votre terrain de jeu&nbsp;? Quasiment illimit\u00e9&nbsp;! Progressez \u00e0 [&hellip;]<\/p>\n","protected":false},"author":1,"featured_media":0,"parent":0,"menu_order":0,"comment_status":"closed","ping_status":"closed","template":"","meta":[],"_links":{"self":[{"href":"https:\/\/o2sports.fr\/index.php\/wp-json\/wp\/v2\/pages\/96"}],"collection":[{"href":"https:\/\/o2sports.fr\/index.php\/wp-json\/wp\/v2\/pages"}],"about":[{"href":"https:\/\/o2sports.fr\/index.php\/wp-json\/wp\/v2\/types\/page"}],"author":[{"embeddable":true,"href":"https:\/\/o2sports.fr\/index.php\/wp-json\/wp\/v2\/users\/1"}],"replies":[{"embeddable":true,"href":"https:\/\/o2sports.fr\/index.php\/wp-json\/wp\/v2\/comments?post=96"}],"version-history":[{"count":7,"href":"https:\/\/o2sports.fr\/index.php\/wp-json\/wp\/v2\/pages\/96\/revisions"}],"predecessor-version":[{"id":795,"href":"https:\/\/o2sports.fr\/index.php\/wp-json\/wp\/v2\/pages\/96\/revisions\/795"}],"wp:attachment":[{"href":"https:\/\/o2sports.fr\/index.php\/wp-json\/wp\/v2\/media?parent=96"}],"curies":[{"name":"wp","href":"https:\/\/api.w.org\/{rel}","templated":true}]}}