{"id":79,"date":"2020-04-15T18:33:53","date_gmt":"2020-04-15T16:33:53","guid":{"rendered":"http:\/\/o2sports.fr\/?page_id=79"},"modified":"2022-04-08T14:51:00","modified_gmt":"2022-04-08T12:51:00","slug":"groupes","status":"publish","type":"page","link":"https:\/\/o2sports.fr\/index.php\/groupes\/","title":{"rendered":"GROUPES"},"content":{"rendered":"\n<p class=\"has-text-align-center has-white-color has-text-color has-background has-medium-font-size\" style=\"background-color:#ff6c09;font-style:normal;font-weight:600\">CENTRE LOISIRS (ACM)<\/p>\n\n\n\n<p>O2 Sports est sp\u00e9cialis\u00e9 dans les activit\u00e9s de pleine nature. Notre \u00e9quipe con\u00e7oit depuis de nombreuses ann\u00e9es des animations et des projets en lien avec les jeunes. Nos activit\u00e9s insolites et fun plaisent aux jeunes et aux animateurs. Notre exp\u00e9rience nous permet de coller au plus pr\u00e8s aux attentes de chaque structure gr\u00e2ce \u00e0 la prise en compte de l\u2019\u00e2ge des enfants et du projet p\u00e9dagogique de l\u2019ACM.<\/p>\n\n\n\n<p>Vous \u00eates \u00e0 la recherche de nouveaut\u00e9 et de fun pour les enfants qui fr\u00e9quentent votre accueil de loisirs&nbsp;? Nous nous chargeons de tout&nbsp;!<\/p>\n\n\n\n<p>Conseil du choix des activit\u00e9s, transport jusqu\u2019\u00e0 votre structure, installation, animation et rangement, nos prestations comprennent tout. Il ne vous reste qu\u2019une chose \u00e0 faire&nbsp;: vous amuser.<\/p>\n\n\n\n<p>Vous avez la possibilit\u00e9 de cr\u00e9er des packages pour profiter de 2 ou 3 activit\u00e9s avec des tarifs d\u00e9gressifs. Contacter nous pour cr\u00e9er votre animation sur-mesure.<\/p>\n\n\n\n<p class=\"has-text-align-center has-white-color has-text-color has-background has-medium-font-size\" style=\"background-color:#ff6c09;font-style:normal;font-weight:600\">SCOLAIRE<\/p>\n\n\n\n<p>O2 Sports est sp\u00e9cialis\u00e9 dans les activit\u00e9s de pleine nature. Notre \u00e9quipe con\u00e7oit depuis de nombreuses ann\u00e9es des animations et des projets en lien avec les jeunes.<\/p>\n\n\n\n<p>Vous souhaitez mettre en place une animation ponctuelle pour les \u00e9l\u00e8ves de votre \u00e9tablissement&nbsp;? Contactez-nous pour \u00e9changer sur vos attentes et notre \u00e9quipe vou aiguillera vers les activit\u00e9s les plus adapt\u00e9es.<\/p>\n\n\n\n<p>Vous souhaitez monter un projet dans le temps (cycle scolaire avec apprentissage p\u00e9dagogique)&nbsp;? Contactez-nous pour mener une \u00e9tude plus approfondie de votre projet.<\/p>\n\n\n\n<p>Notre \u00e9quipe est constitu\u00e9e de dipl\u00f4m\u00e9s d\u2019Etat, qui sauront r\u00e9pondre \u00e0 vos attentes et faire correspondre nos activit\u00e9s \u00e0 votre projet d\u2019\u00e9tablissement.<\/p>\n\n\n\n<p class=\"has-text-align-center has-white-color has-text-color has-background has-medium-font-size\" style=\"background-color:#ff6c09;font-style:normal;font-weight:600\">EVENEMENT SPECIAUX<\/p>\n\n\n\n<p>Gr\u00e2ce \u00e0 notre connaissance des activit\u00e9s de pleine nature, notre \u00e9quipe met en place des \u00e9v\u00e9nements d\u2019ampleur dans des lieux insolites.<\/p>\n\n\n\n<p>Suivez notre actualit\u00e9 pour vous tenir au courant du prochain \u00e9v\u00e9nement O2 Sports.<\/p>\n","protected":false},"excerpt":{"rendered":"<p>CENTRE LOISIRS (ACM) O2 Sports est sp\u00e9cialis\u00e9 dans les activit\u00e9s de pleine nature. Notre \u00e9quipe con\u00e7oit depuis de nombreuses ann\u00e9es des animations et des projets en lien avec les jeunes. Nos activit\u00e9s insolites et fun plaisent aux jeunes et aux animateurs. Notre exp\u00e9rience nous permet de coller au plus pr\u00e8s aux attentes de chaque structure [&hellip;]<\/p>\n","protected":false},"author":1,"featured_media":0,"parent":0,"menu_order":0,"comment_status":"closed","ping_status":"closed","template":"","meta":[],"_links":{"self":[{"href":"https:\/\/o2sports.fr\/index.php\/wp-json\/wp\/v2\/pages\/79"}],"collection":[{"href":"https:\/\/o2sports.fr\/index.php\/wp-json\/wp\/v2\/pages"}],"about":[{"href":"https:\/\/o2sports.fr\/index.php\/wp-json\/wp\/v2\/types\/page"}],"author":[{"embeddable":true,"href":"https:\/\/o2sports.fr\/index.php\/wp-json\/wp\/v2\/users\/1"}],"replies":[{"embeddable":true,"href":"https:\/\/o2sports.fr\/index.php\/wp-json\/wp\/v2\/comments?post=79"}],"version-history":[{"count":3,"href":"https:\/\/o2sports.fr\/index.php\/wp-json\/wp\/v2\/pages\/79\/revisions"}],"predecessor-version":[{"id":730,"href":"https:\/\/o2sports.fr\/index.php\/wp-json\/wp\/v2\/pages\/79\/revisions\/730"}],"wp:attachment":[{"href":"https:\/\/o2sports.fr\/index.php\/wp-json\/wp\/v2\/media?parent=79"}],"curies":[{"name":"wp","href":"https:\/\/api.w.org\/{rel}","templated":true}]}}