{"id":643,"date":"2022-04-06T21:14:33","date_gmt":"2022-04-06T19:14:33","guid":{"rendered":"http:\/\/o2sports.fr\/?page_id=643"},"modified":"2022-04-07T11:05:21","modified_gmt":"2022-04-07T09:05:21","slug":"les-culotees","status":"publish","type":"page","link":"https:\/\/o2sports.fr\/index.php\/les-culotees\/","title":{"rendered":"LES CULOTEES"},"content":{"rendered":"\n<p class=\"has-text-align-center has-white-color has-text-color has-background has-medium-font-size\" style=\"background-color:#3a6621;font-style:normal;font-weight:600\">LES CULOTEES<\/p>\n\n\n\n<p><strong>Id\u00e9ales pour les s\u00e9minaires d\u2019entreprises, notamment gr\u00e2ce \u00e0 de nombreux ateliers qui favorisent la coop\u00e9ration, l\u2019ext\u00e9riorisation et la mise en place d\u2019actions efficaces.<\/strong><\/p>\n\n\n\n<div class=\"wp-container-3 wp-block-columns\">\n<div class=\"wp-container-1 wp-block-column\">\n<div class=\"wp-block-cover is-light\"><span aria-hidden=\"true\" class=\"wp-block-cover__gradient-background has-background-dim\"><\/span><img loading=\"lazy\" width=\"1200\" height=\"800\" class=\"wp-block-cover__image-background wp-image-626\" alt=\"\" src=\"http:\/\/o2sports.fr\/wp-content\/uploads\/2022\/04\/Arriere-plan-foret.jpg\" data-object-fit=\"cover\" srcset=\"https:\/\/o2sports.fr\/wp-content\/uploads\/2022\/04\/Arriere-plan-foret.jpg 1200w, https:\/\/o2sports.fr\/wp-content\/uploads\/2022\/04\/Arriere-plan-foret-300x200.jpg 300w, https:\/\/o2sports.fr\/wp-content\/uploads\/2022\/04\/Arriere-plan-foret-1024x683.jpg 1024w, https:\/\/o2sports.fr\/wp-content\/uploads\/2022\/04\/Arriere-plan-foret-768x512.jpg 768w\" sizes=\"(max-width: 1200px) 100vw, 1200px\" \/><div class=\"wp-block-cover__inner-container\">\n<p class=\"has-text-align-center has-white-color has-text-color has-large-font-size\">LA BUCHE D&rsquo;OR<\/p>\n<\/div><\/div>\n<\/div>\n\n\n\n<div class=\"wp-container-2 wp-block-column\">\n<div class=\"wp-block-cover is-light\"><span aria-hidden=\"true\" class=\"wp-block-cover__gradient-background has-background-dim\"><\/span><img loading=\"lazy\" width=\"1200\" height=\"800\" class=\"wp-block-cover__image-background wp-image-626\" alt=\"\" src=\"http:\/\/o2sports.fr\/wp-content\/uploads\/2022\/04\/Arriere-plan-foret.jpg\" data-object-fit=\"cover\" srcset=\"https:\/\/o2sports.fr\/wp-content\/uploads\/2022\/04\/Arriere-plan-foret.jpg 1200w, https:\/\/o2sports.fr\/wp-content\/uploads\/2022\/04\/Arriere-plan-foret-300x200.jpg 300w, https:\/\/o2sports.fr\/wp-content\/uploads\/2022\/04\/Arriere-plan-foret-1024x683.jpg 1024w, https:\/\/o2sports.fr\/wp-content\/uploads\/2022\/04\/Arriere-plan-foret-768x512.jpg 768w\" sizes=\"(max-width: 1200px) 100vw, 1200px\" \/><div class=\"wp-block-cover__inner-container\">\n<p class=\"has-text-align-center has-white-color has-text-color has-large-font-size\">SURVIV&rsquo;AVENTURE<\/p>\n<\/div><\/div>\n<\/div>\n<\/div>\n\n\n\n<p><\/p>\n","protected":false},"excerpt":{"rendered":"<p>LES CULOTEES Id\u00e9ales pour les s\u00e9minaires d\u2019entreprises, notamment gr\u00e2ce \u00e0 de nombreux ateliers qui favorisent la coop\u00e9ration, l\u2019ext\u00e9riorisation et la mise en place d\u2019actions efficaces.<\/p>\n","protected":false},"author":1,"featured_media":0,"parent":0,"menu_order":0,"comment_status":"closed","ping_status":"closed","template":"","meta":[],"_links":{"self":[{"href":"https:\/\/o2sports.fr\/index.php\/wp-json\/wp\/v2\/pages\/643"}],"collection":[{"href":"https:\/\/o2sports.fr\/index.php\/wp-json\/wp\/v2\/pages"}],"about":[{"href":"https:\/\/o2sports.fr\/index.php\/wp-json\/wp\/v2\/types\/page"}],"author":[{"embeddable":true,"href":"https:\/\/o2sports.fr\/index.php\/wp-json\/wp\/v2\/users\/1"}],"replies":[{"embeddable":true,"href":"https:\/\/o2sports.fr\/index.php\/wp-json\/wp\/v2\/comments?post=643"}],"version-history":[{"count":2,"href":"https:\/\/o2sports.fr\/index.php\/wp-json\/wp\/v2\/pages\/643\/revisions"}],"predecessor-version":[{"id":704,"href":"https:\/\/o2sports.fr\/index.php\/wp-json\/wp\/v2\/pages\/643\/revisions\/704"}],"wp:attachment":[{"href":"https:\/\/o2sports.fr\/index.php\/wp-json\/wp\/v2\/media?parent=643"}],"curies":[{"name":"wp","href":"https:\/\/api.w.org\/{rel}","templated":true}]}}