{"id":639,"date":"2022-04-06T21:13:41","date_gmt":"2022-04-06T19:13:41","guid":{"rendered":"http:\/\/o2sports.fr\/?page_id=639"},"modified":"2022-04-07T10:58:48","modified_gmt":"2022-04-07T08:58:48","slug":"micro-aventure","status":"publish","type":"page","link":"https:\/\/o2sports.fr\/index.php\/micro-aventure\/","title":{"rendered":"MICRO AVENTURE"},"content":{"rendered":"\n<p class=\"has-text-align-center has-white-color has-text-color has-background has-medium-font-size\" style=\"background-color:#3a6621;font-style:normal;font-weight:600\">L&rsquo;ESPRIT TRIP AND SLEEP<\/p>\n\n\n\n<p class=\"has-text-color has-medium-font-size\" style=\"color:#3a6621;font-style:normal;font-weight:600\">Notre philosophie :<\/p>\n\n\n\n<blockquote class=\"wp-block-quote\"><p><em>Ah la grande aventure&#8230; Tu n&rsquo;as jamais eu envie de tout plaquer et partir au bout du monde ?! Oublie les contr\u00e9es lointaines, l&rsquo;aventure se vit \u00e0 deux pas de chez toi. Pas besoin d&rsquo;\u00eatre un adepte de Mike Horn, un slip et un couteau te suffiront !<\/em><\/p><cite>???<\/cite><\/blockquote>\n\n\n\n<p><strong>Revenez \u00e0 la nature, Vivez l\u2019aventure culot\u00e9e ! <\/strong>Tentez la micro-aventure le temps d\u2019une journ\u00e9e, d\u2019un week-end ou m\u00eame d\u2019une soir\u00e9e. A vous de voir apr\u00e8s tout c\u2019est votre trip.<\/p>\n\n\n\n<p>Nos Ardennes on les aime et on veut aussi vous en faire profiter, vous les faire d\u00e9couvrir voir red\u00e9couvrir. Alors pourquoi pas se laisser guider au c\u0153ur des for\u00eats, aux confins de la nature sauvage ?<\/p>\n\n\n\n<p><strong>Partez \u00e0 l\u2019aventure \u00e0 travers nos offres Trip and <\/strong><strong>Sleep<\/strong><strong> et glissez vous dans la peau d\u2019un aventurier culot\u00e9 !<\/strong><\/p>\n\n\n\n<p class=\"has-text-align-center has-white-color has-text-color has-background has-medium-font-size\" style=\"background-color:#3a6621;font-style:normal;font-weight:600\">MICRO &#8211; AVENTURE T&amp;S<\/p>\n\n\n\n<p><strong>Et si ensemble on \u00e9crivait votre histoire, qu\u2019on cr\u00e9ait votre aventure personnalis\u00e9e ?!<\/strong> <\/p>\n\n\n\n<p>Choisissez la dur\u00e9e, plus c\u2019est long mieux c\u2019est\u2026 quoique pas toujours.<\/p>\n\n\n\n<div class=\"wp-container-1 wp-block-buttons\">\n<div class=\"wp-block-button\"><a class=\"wp-block-button__link has-background\" style=\"background-color:#f4b183\"><strong>UN JOUR<\/strong><\/a><\/div>\n\n\n\n<div class=\"wp-block-button\"><a class=\"wp-block-button__link has-background\" style=\"background-color:#f4b183\"><strong>DEUX JOURS<\/strong><\/a><\/div>\n\n\n\n<div class=\"wp-block-button\"><a class=\"wp-block-button__link has-background\" style=\"background-color:#f4b183\"><strong>TROIS JOURS<\/strong><\/a><\/div>\n<\/div>\n\n\n\n<div style=\"height:20px\" aria-hidden=\"true\" class=\"wp-block-spacer\"><\/div>\n\n\n\n<p>Vous \u00eates un trappeur aguerri ou juste un d\u00e9butant ? qu\u2019importe vous pouvez indiquer votre niveau de parcours <\/p>\n\n\n\n<div class=\"wp-container-2 wp-block-buttons\">\n<div class=\"wp-block-button\"><a class=\"wp-block-button__link has-background\" style=\"background-color:#c55a11\"> <strong>SLOW TOURISME<\/strong><\/a><\/div>\n\n\n\n<div class=\"wp-block-button\"><a class=\"wp-block-button__link has-background\" style=\"background-color:#c55a11\"> <strong>LOISIRS ITINERANT<\/strong><\/a><\/div>\n\n\n\n<div class=\"wp-block-button\"><a class=\"wp-block-button__link has-background\" style=\"background-color:#c55a11\"><strong>AVENTURE<\/strong><\/a><\/div>\n\n\n\n<div class=\"wp-block-button\"><a class=\"wp-block-button__link has-background\" style=\"background-color:#c55a11\"><strong>AVENTURE SPORTIVE<\/strong><\/a><\/div>\n<\/div>\n\n\n\n<div style=\"height:20px\" aria-hidden=\"true\" class=\"wp-block-spacer\"><\/div>\n\n\n\n<p>En flottant, en marchant, en p\u00e9dalant, prenez votre pied, choisissez votre ou vos moyens de d\u00e9placement. <\/p>\n\n\n\n<div class=\"wp-container-3 wp-block-buttons\">\n<div class=\"wp-block-button\"><a class=\"wp-block-button__link has-background\" style=\"background-color:#924911\"><strong>RADEAU<\/strong><\/a><\/div>\n\n\n\n<div class=\"wp-block-button\"><a class=\"wp-block-button__link has-background\" style=\"background-color:#924911\"><strong>CANOE KAYAK<\/strong><\/a><\/div>\n\n\n\n<div class=\"wp-block-button\"><a class=\"wp-block-button__link has-background\" style=\"background-color:#924911\"><strong>MARCHE A PIED<\/strong><\/a><\/div>\n\n\n\n<div class=\"wp-block-button\"><a class=\"wp-block-button__link has-background\" style=\"background-color:#924911\"><strong>VELO<\/strong><\/a><\/div>\n\n\n\n<div class=\"wp-block-button\"><a class=\"wp-block-button__link has-background\" style=\"background-color:#924911\"><strong>TRAIL<\/strong><\/a><\/div>\n<\/div>\n\n\n\n<div style=\"height:20px\" aria-hidden=\"true\" class=\"wp-block-spacer\"><\/div>\n\n\n\n<p>Vous n\u2019avez plus qu\u2019\u00e0 nous donner la zone g\u00e9ographique souhait\u00e9e et une date. <\/p>\n\n\n\n<p><strong>Notre \u00e9quipe se charge de vous construire une aventure sur mesure.<\/strong><\/p>\n\n\n\n<p>Quand on vous dit qu\u2019un slip et un couteau suffisent pour partir \u00e0 l\u2019aventure, on ne vous ment pas. Mais vous pouvez aussi venir habiller on ira quand m\u00eame s\u2019aventurer dans la nature, grimper en haut des sommets, descendre les rivi\u00e8res en cano\u00eb.<\/p>\n","protected":false},"excerpt":{"rendered":"<p>L&rsquo;ESPRIT TRIP AND SLEEP Notre philosophie : Ah la grande aventure&#8230; Tu n&rsquo;as jamais eu envie de tout plaquer et partir au bout du monde ?! Oublie les contr\u00e9es lointaines, l&rsquo;aventure se vit \u00e0 deux pas de chez toi. Pas besoin d&rsquo;\u00eatre un adepte de Mike Horn, un slip et un couteau te suffiront ! [&hellip;]<\/p>\n","protected":false},"author":1,"featured_media":0,"parent":0,"menu_order":0,"comment_status":"closed","ping_status":"closed","template":"","meta":[],"_links":{"self":[{"href":"https:\/\/o2sports.fr\/index.php\/wp-json\/wp\/v2\/pages\/639"}],"collection":[{"href":"https:\/\/o2sports.fr\/index.php\/wp-json\/wp\/v2\/pages"}],"about":[{"href":"https:\/\/o2sports.fr\/index.php\/wp-json\/wp\/v2\/types\/page"}],"author":[{"embeddable":true,"href":"https:\/\/o2sports.fr\/index.php\/wp-json\/wp\/v2\/users\/1"}],"replies":[{"embeddable":true,"href":"https:\/\/o2sports.fr\/index.php\/wp-json\/wp\/v2\/comments?post=639"}],"version-history":[{"count":11,"href":"https:\/\/o2sports.fr\/index.php\/wp-json\/wp\/v2\/pages\/639\/revisions"}],"predecessor-version":[{"id":701,"href":"https:\/\/o2sports.fr\/index.php\/wp-json\/wp\/v2\/pages\/639\/revisions\/701"}],"wp:attachment":[{"href":"https:\/\/o2sports.fr\/index.php\/wp-json\/wp\/v2\/media?parent=639"}],"curies":[{"name":"wp","href":"https:\/\/api.w.org\/{rel}","templated":true}]}}