{"id":623,"date":"2022-04-06T19:31:52","date_gmt":"2022-04-06T17:31:52","guid":{"rendered":"http:\/\/o2sports.fr\/?page_id=623"},"modified":"2022-04-08T14:46:40","modified_gmt":"2022-04-08T12:46:40","slug":"arcades","status":"publish","type":"page","link":"https:\/\/o2sports.fr\/index.php\/arcades\/","title":{"rendered":"ARC&rsquo;ADES"},"content":{"rendered":"\n<div class=\"wp-block-cover alignleft is-light\"><span aria-hidden=\"true\" class=\"has-background-dim-40 wp-block-cover__gradient-background has-background-dim\"><\/span><img loading=\"lazy\" width=\"1200\" height=\"800\" class=\"wp-block-cover__image-background wp-image-666\" alt=\"\" src=\"http:\/\/o2sports.fr\/wp-content\/uploads\/2022\/04\/Bas-2.jpg\" data-object-fit=\"cover\" srcset=\"https:\/\/o2sports.fr\/wp-content\/uploads\/2022\/04\/Bas-2.jpg 1200w, https:\/\/o2sports.fr\/wp-content\/uploads\/2022\/04\/Bas-2-300x200.jpg 300w, https:\/\/o2sports.fr\/wp-content\/uploads\/2022\/04\/Bas-2-1024x683.jpg 1024w, https:\/\/o2sports.fr\/wp-content\/uploads\/2022\/04\/Bas-2-768x512.jpg 768w\" sizes=\"(max-width: 1200px) 100vw, 1200px\" \/><div class=\"wp-block-cover__inner-container\">\n<p class=\"has-white-color has-text-color has-large-font-size\"><a href=\"https:\/\/www.reservation.o2sports.fr\/laser-tag-battle-arc-radeaux.html\" data-type=\"URL\" data-id=\"https:\/\/www.reservation.o2sports.fr\/laser-tag-battle-arc-radeaux.html\">RESERVEZ VOS PARTIES<\/a><\/p>\n<\/div><\/div>\n\n\n\n<p>Un tas de mini-jeux comme la p\u00e9tanque, le golf, le molky mais en version Robin des bois \u00e9quip\u00e9 de votre arc et de vos fl\u00e8ches. Visez juste, visez loin mais attention aux pi\u00e8ges et aux obstacles.<\/p>\n\n\n\n<p>Cette activit\u00e9 de groupe permettra de cr\u00e9er du challenge entre les participants. Montez une \u00e9quipe et comptabilisez les points marqu\u00e9s au fur et \u00e0 mesure des jeux propos\u00e9s. A la fin faites les comptes&nbsp;!<\/p>\n\n\n\n<p>Notre \u00e9quipe vous propose de revisiter des jeux pour les rendre encore plus amusant et palpitant. Les Arc&rsquo;ades se pratiquent en ext\u00e9rieur.<\/p>\n\n\n\n<div style=\"height:15px\" aria-hidden=\"true\" class=\"wp-block-spacer\"><\/div>\n\n\n\n<hr class=\"wp-block-separator has-text-color has-background has-luminous-vivid-orange-background-color has-luminous-vivid-orange-color is-style-wide\"\/>\n\n\n\n<figure class=\"wp-container-2 wp-block-gallery-1 wp-block-gallery has-nested-images columns-default is-cropped\">\n<figure class=\"wp-block-image size-large is-style-default\"><img loading=\"lazy\" width=\"1024\" height=\"683\" data-id=\"666\"  src=\"http:\/\/o2sports.fr\/wp-content\/uploads\/2022\/04\/Bas-2-1024x683.jpg\" alt=\"\" class=\"wp-image-666\" srcset=\"https:\/\/o2sports.fr\/wp-content\/uploads\/2022\/04\/Bas-2-1024x683.jpg 1024w, https:\/\/o2sports.fr\/wp-content\/uploads\/2022\/04\/Bas-2-300x200.jpg 300w, https:\/\/o2sports.fr\/wp-content\/uploads\/2022\/04\/Bas-2-768x512.jpg 768w, https:\/\/o2sports.fr\/wp-content\/uploads\/2022\/04\/Bas-2.jpg 1200w\" sizes=\"(max-width: 1024px) 100vw, 1024px\" \/><\/figure>\n\n\n\n<figure class=\"wp-block-image size-large is-style-default\"><img loading=\"lazy\" width=\"1024\" height=\"683\" data-id=\"666\"  src=\"http:\/\/o2sports.fr\/wp-content\/uploads\/2022\/04\/Bas-2-1024x683.jpg\" alt=\"\" class=\"wp-image-666\" srcset=\"https:\/\/o2sports.fr\/wp-content\/uploads\/2022\/04\/Bas-2-1024x683.jpg 1024w, https:\/\/o2sports.fr\/wp-content\/uploads\/2022\/04\/Bas-2-300x200.jpg 300w, https:\/\/o2sports.fr\/wp-content\/uploads\/2022\/04\/Bas-2-768x512.jpg 768w, https:\/\/o2sports.fr\/wp-content\/uploads\/2022\/04\/Bas-2.jpg 1200w\" sizes=\"(max-width: 1024px) 100vw, 1024px\" \/><\/figure>\n\n\n\n<figure class=\"wp-block-image size-large is-style-default\"><img loading=\"lazy\" width=\"1024\" height=\"683\" data-id=\"666\"  src=\"http:\/\/o2sports.fr\/wp-content\/uploads\/2022\/04\/Bas-2-1024x683.jpg\" alt=\"\" class=\"wp-image-666\" srcset=\"https:\/\/o2sports.fr\/wp-content\/uploads\/2022\/04\/Bas-2-1024x683.jpg 1024w, https:\/\/o2sports.fr\/wp-content\/uploads\/2022\/04\/Bas-2-300x200.jpg 300w, https:\/\/o2sports.fr\/wp-content\/uploads\/2022\/04\/Bas-2-768x512.jpg 768w, https:\/\/o2sports.fr\/wp-content\/uploads\/2022\/04\/Bas-2.jpg 1200w\" sizes=\"(max-width: 1024px) 100vw, 1024px\" \/><\/figure>\n<\/figure>\n\n\n\n<hr class=\"wp-block-separator has-text-color has-background has-luminous-vivid-orange-background-color has-luminous-vivid-orange-color is-style-wide\"\/>\n\n\n\n<p class=\"has-luminous-vivid-orange-color has-text-color has-medium-font-size\" style=\"font-style:normal;font-weight:600\">INFOS PRATIQUES:<\/p>\n\n\n\n<p>Environnement:<\/p>\n\n\n\n<div class=\"wp-container-3 wp-block-buttons\">\n<div class=\"wp-block-button is-style-fill\"><a class=\"wp-block-button__link has-white-color has-text-color has-background\" style=\"background-color:#3a6621\">OUTDOOR<\/a><\/div>\n\n\n\n<div class=\"wp-block-button\"><a class=\"wp-block-button__link has-background\" style=\"background-color:#3a6621\">INDOOR<\/a><\/div>\n\n\n\n<div class=\"wp-block-button\"><a class=\"wp-block-button__link has-background\" style=\"background-color:#3a6621\">TERRAIN  &gt; 500 m\u00b2<\/a><\/div>\n<\/div>\n\n\n\n<hr class=\"wp-block-separator has-text-color has-background has-luminous-vivid-orange-background-color has-luminous-vivid-orange-color is-style-wide\"\/>\n\n\n\n<p>Pratiquant:<\/p>\n\n\n\n<div class=\"wp-container-4 wp-block-buttons\">\n<div class=\"wp-block-button\"><a class=\"wp-block-button__link has-white-color has-text-color has-background\" style=\"background-color:#366621\">A PARTIR DE 8 ANS<\/a><\/div>\n\n\n\n<div class=\"wp-block-button\"><a class=\"wp-block-button__link has-white-color has-text-color has-background\" style=\"background-color:#366621\">ENFANT<\/a><\/div>\n\n\n\n<div class=\"wp-block-button\"><a class=\"wp-block-button__link has-white-color has-text-color has-background\" style=\"background-color:#366621\">ADOLESCENT<\/a><\/div>\n\n\n\n<div class=\"wp-block-button\"><a class=\"wp-block-button__link has-white-color has-text-color has-background\" style=\"background-color:#366621\">ADULTE<\/a><\/div>\n<\/div>\n\n\n\n<div style=\"height:15px\" aria-hidden=\"true\" class=\"wp-block-spacer\"><\/div>\n\n\n\n<div class=\"wp-container-5 wp-block-buttons\">\n<div class=\"wp-block-button\"><a class=\"wp-block-button__link has-white-color has-text-color has-background\" style=\"background-color:#3a6621\">6 \u00e0 12 JOUEURS<\/a><\/div>\n<\/div>\n\n\n\n<div style=\"height:15px\" aria-hidden=\"true\" class=\"wp-block-spacer\"><\/div>\n\n\n\n<div class=\"wp-container-6 wp-block-buttons\">\n<div class=\"wp-block-button\"><a class=\"wp-block-button__link has-white-color has-text-color has-background\" style=\"background-color:#3a6621\">PARTICULIER<\/a><\/div>\n\n\n\n<div class=\"wp-block-button\"><a class=\"wp-block-button__link has-white-color has-text-color has-background\" style=\"background-color:#3a6621\">GROUPE <\/a><\/div>\n\n\n\n<div class=\"wp-block-button\"><a class=\"wp-block-button__link has-white-color has-text-color has-background\" style=\"background-color:#3a6621\">ACM <\/a><\/div>\n\n\n\n<div class=\"wp-block-button\"><a class=\"wp-block-button__link has-white-color has-text-color has-background\" style=\"background-color:#3a6621\">SCOLAIRE<\/a><\/div>\n\n\n\n<div class=\"wp-block-button\"><a class=\"wp-block-button__link has-white-color has-text-color has-background\" style=\"background-color:#3a6621\">ENTREPRISE <\/a><\/div>\n<\/div>\n\n\n\n<hr class=\"wp-block-separator has-text-color has-background has-luminous-vivid-orange-background-color has-luminous-vivid-orange-color is-style-wide\"\/>\n\n\n\n<p>Temps d&rsquo;animation:<\/p>\n\n\n\n<div class=\"wp-container-7 wp-block-buttons\">\n<div class=\"wp-block-button\"><a class=\"wp-block-button__link has-white-color has-text-color has-background\" style=\"background-color:#3a6621\">1h00 <\/a><\/div>\n\n\n\n<div class=\"wp-block-button\"><a class=\"wp-block-button__link has-white-color has-text-color has-background\" style=\"background-color:#3a6621\">2h00 <\/a><\/div>\n<\/div>\n\n\n\n<hr class=\"wp-block-separator has-text-color has-background has-luminous-vivid-orange-background-color has-luminous-vivid-orange-color is-style-wide\"\/>\n\n\n\n<p>Jouer en toute s\u00e9curit\u00e9 au battle arc, nos fl\u00e8ches sont \u00e9quip\u00e9es d&#8217;embout en mousse norm\u00e9 et v\u00e9rifier avant chaque animation. Le port d&rsquo;un masque de protection est obligatoire lors des confrontations.<\/p>\n\n\n\n<hr class=\"wp-block-separator has-text-color has-background has-luminous-vivid-orange-background-color has-luminous-vivid-orange-color is-style-wide\"\/>\n\n\n\n<p class=\"has-text-align-center has-white-color has-text-color has-background has-large-font-size\" style=\"background-color:#ff6c00;font-style:normal;font-weight:700;text-transform:uppercase\"><a href=\"https:\/\/www.reservation.o2sports.fr\/laser-tag-battle-arc-radeaux.html\" data-type=\"URL\" data-id=\"https:\/\/www.reservation.o2sports.fr\/laser-tag-battle-arc-radeaux.html\">POUR RESERVER, C&rsquo;EST ICI<\/a><\/p>\n\n\n\n<blockquote class=\"wp-block-quote\"><p>Une activit\u00e9 id\u00e9ale pour ambiancer vos \u00e9v\u00e9nements d&rsquo;anniversaire ou d&rsquo;enterrement de vie de c\u00e9libataire. Pour une exp\u00e9rience encore plus intense, nous vous conseillons le pack sensation Battle Arc + Laser Tag. <\/p><cite>L&rsquo;\u00e9quipe d&rsquo;O2 Sports.<\/cite><\/blockquote>\n","protected":false},"excerpt":{"rendered":"<p>Un tas de mini-jeux comme la p\u00e9tanque, le golf, le molky mais en version Robin des bois \u00e9quip\u00e9 de votre arc et de vos fl\u00e8ches. Visez juste, visez loin mais attention aux pi\u00e8ges et aux obstacles. Cette activit\u00e9 de groupe permettra de cr\u00e9er du challenge entre les participants. Montez une \u00e9quipe et comptabilisez les points [&hellip;]<\/p>\n","protected":false},"author":1,"featured_media":0,"parent":0,"menu_order":0,"comment_status":"closed","ping_status":"closed","template":"","meta":[],"_links":{"self":[{"href":"https:\/\/o2sports.fr\/index.php\/wp-json\/wp\/v2\/pages\/623"}],"collection":[{"href":"https:\/\/o2sports.fr\/index.php\/wp-json\/wp\/v2\/pages"}],"about":[{"href":"https:\/\/o2sports.fr\/index.php\/wp-json\/wp\/v2\/types\/page"}],"author":[{"embeddable":true,"href":"https:\/\/o2sports.fr\/index.php\/wp-json\/wp\/v2\/users\/1"}],"replies":[{"embeddable":true,"href":"https:\/\/o2sports.fr\/index.php\/wp-json\/wp\/v2\/comments?post=623"}],"version-history":[{"count":2,"href":"https:\/\/o2sports.fr\/index.php\/wp-json\/wp\/v2\/pages\/623\/revisions"}],"predecessor-version":[{"id":726,"href":"https:\/\/o2sports.fr\/index.php\/wp-json\/wp\/v2\/pages\/623\/revisions\/726"}],"wp:attachment":[{"href":"https:\/\/o2sports.fr\/index.php\/wp-json\/wp\/v2\/media?parent=623"}],"curies":[{"name":"wp","href":"https:\/\/api.w.org\/{rel}","templated":true}]}}