{"id":606,"date":"2022-04-06T19:27:26","date_gmt":"2022-04-06T17:27:26","guid":{"rendered":"http:\/\/o2sports.fr\/?page_id=606"},"modified":"2022-05-27T17:04:36","modified_gmt":"2022-05-27T15:04:36","slug":"paddle","status":"publish","type":"page","link":"https:\/\/o2sports.fr\/index.php\/paddle\/","title":{"rendered":"STAND UP PADDLE"},"content":{"rendered":"\n<div class=\"wp-block-cover alignleft is-light\"><span aria-hidden=\"true\" class=\"has-background-dim-40 wp-block-cover__gradient-background has-background-dim\"><\/span><img loading=\"lazy\" width=\"2000\" height=\"1333\" class=\"wp-block-cover__image-background wp-image-407\" alt=\"\" src=\"http:\/\/o2sports.fr\/wp-content\/uploads\/2022\/04\/cropped-cropped-Arriere-plan-foret-1.jpg\" data-object-fit=\"cover\" srcset=\"https:\/\/o2sports.fr\/wp-content\/uploads\/2022\/04\/cropped-cropped-Arriere-plan-foret-1.jpg 2000w, https:\/\/o2sports.fr\/wp-content\/uploads\/2022\/04\/cropped-cropped-Arriere-plan-foret-1-300x200.jpg 300w, https:\/\/o2sports.fr\/wp-content\/uploads\/2022\/04\/cropped-cropped-Arriere-plan-foret-1-1024x682.jpg 1024w, https:\/\/o2sports.fr\/wp-content\/uploads\/2022\/04\/cropped-cropped-Arriere-plan-foret-1-768x512.jpg 768w, https:\/\/o2sports.fr\/wp-content\/uploads\/2022\/04\/cropped-cropped-Arriere-plan-foret-1-1536x1024.jpg 1536w\" sizes=\"(max-width: 2000px) 100vw, 2000px\" \/><div class=\"wp-block-cover__inner-container\">\n<p class=\"has-white-color has-text-color has-large-font-size\"><a href=\"https:\/\/www.reservation.o2sports.fr\/location-de-canoe-voie-bleue.html\" data-type=\"URL\">RESERVEZ VOS PARTIES<\/a><\/p>\n<\/div><\/div>\n\n\n\n<p>Une planche, une pagaie et c\u2019est parti ! D\u00e9couvrez cette activit\u00e9 qui vous permettra de d\u00e9velopper votre \u00e9quilibre. Choisissez le Stand Up Paddle pour profiter de nos cours d\u2019eau comme jamais vous n\u2019avez pu le faire.<\/p>\n\n\n\n<p>Cette embarcation gonflable et man\u0153uvri\u00e8re permet de se d\u00e9placer facilement sur l\u2019eau. La prise en main est simple et vous trouverez votre \u00e9quilibre au bout de quelques coups de pagaie.<\/p>\n\n\n\n<p>Le stand up paddle se pratique sur les cours d\u2019eau calmes et les lacs des Ardennes. Rapprochez-vous de notre \u00e9quipe pour conna\u00eetre les parcours proche de chez vous.<\/p>\n\n\n\n<div style=\"height:15px\" aria-hidden=\"true\" class=\"wp-block-spacer\"><\/div>\n\n\n\n<hr class=\"wp-block-separator has-text-color has-background has-luminous-vivid-orange-background-color has-luminous-vivid-orange-color is-style-wide\"\/>\n\n\n\n<figure class=\"wp-container-2 wp-block-gallery-1 wp-block-gallery has-nested-images columns-default is-cropped\">\n<figure class=\"wp-block-image size-large is-style-default\"><img loading=\"lazy\" width=\"1024\" height=\"683\" data-id=\"666\"  src=\"http:\/\/o2sports.fr\/wp-content\/uploads\/2022\/04\/Bas-2-1024x683.jpg\" alt=\"\" class=\"wp-image-666\" srcset=\"https:\/\/o2sports.fr\/wp-content\/uploads\/2022\/04\/Bas-2-1024x683.jpg 1024w, https:\/\/o2sports.fr\/wp-content\/uploads\/2022\/04\/Bas-2-300x200.jpg 300w, https:\/\/o2sports.fr\/wp-content\/uploads\/2022\/04\/Bas-2-768x512.jpg 768w, https:\/\/o2sports.fr\/wp-content\/uploads\/2022\/04\/Bas-2.jpg 1200w\" sizes=\"(max-width: 1024px) 100vw, 1024px\" \/><\/figure>\n\n\n\n<figure class=\"wp-block-image size-large is-style-default\"><img loading=\"lazy\" width=\"1024\" height=\"683\" data-id=\"666\"  src=\"http:\/\/o2sports.fr\/wp-content\/uploads\/2022\/04\/Bas-2-1024x683.jpg\" alt=\"\" class=\"wp-image-666\" srcset=\"https:\/\/o2sports.fr\/wp-content\/uploads\/2022\/04\/Bas-2-1024x683.jpg 1024w, https:\/\/o2sports.fr\/wp-content\/uploads\/2022\/04\/Bas-2-300x200.jpg 300w, https:\/\/o2sports.fr\/wp-content\/uploads\/2022\/04\/Bas-2-768x512.jpg 768w, https:\/\/o2sports.fr\/wp-content\/uploads\/2022\/04\/Bas-2.jpg 1200w\" sizes=\"(max-width: 1024px) 100vw, 1024px\" \/><\/figure>\n\n\n\n<figure class=\"wp-block-image size-large is-style-default\"><img loading=\"lazy\" width=\"1024\" height=\"683\" data-id=\"666\"  src=\"http:\/\/o2sports.fr\/wp-content\/uploads\/2022\/04\/Bas-2-1024x683.jpg\" alt=\"\" class=\"wp-image-666\" srcset=\"https:\/\/o2sports.fr\/wp-content\/uploads\/2022\/04\/Bas-2-1024x683.jpg 1024w, https:\/\/o2sports.fr\/wp-content\/uploads\/2022\/04\/Bas-2-300x200.jpg 300w, https:\/\/o2sports.fr\/wp-content\/uploads\/2022\/04\/Bas-2-768x512.jpg 768w, https:\/\/o2sports.fr\/wp-content\/uploads\/2022\/04\/Bas-2.jpg 1200w\" sizes=\"(max-width: 1024px) 100vw, 1024px\" \/><\/figure>\n<\/figure>\n\n\n\n<hr class=\"wp-block-separator has-text-color has-background has-luminous-vivid-orange-background-color has-luminous-vivid-orange-color is-style-wide\"\/>\n\n\n\n<p class=\"has-luminous-vivid-orange-color has-text-color has-medium-font-size\" style=\"font-style:normal;font-weight:600\">INFOS PRATIQUES:<\/p>\n\n\n\n<p>Environnement:<\/p>\n\n\n\n<div class=\"wp-container-3 wp-block-buttons\">\n<div class=\"wp-block-button is-style-fill\"><a class=\"wp-block-button__link has-white-color has-text-color has-background\" style=\"background-color:#3a6621\">LAC<\/a><\/div>\n\n\n\n<div class=\"wp-block-button\"><a class=\"wp-block-button__link has-background\" style=\"background-color:#3a6621\">RIVIERE<\/a><\/div>\n\n\n\n<div class=\"wp-block-button\"><a class=\"wp-block-button__link has-background\" style=\"background-color:#3a6621\">ETANG<\/a><\/div>\n\n\n\n<div class=\"wp-block-button\"><a class=\"wp-block-button__link has-background\" style=\"background-color:#3a6621\">PISCINE<\/a><\/div>\n<\/div>\n\n\n\n<hr class=\"wp-block-separator has-text-color has-background has-luminous-vivid-orange-background-color has-luminous-vivid-orange-color is-style-wide\"\/>\n\n\n\n<p>Pratiquant:<\/p>\n\n\n\n<div class=\"wp-container-4 wp-block-buttons\">\n<div class=\"wp-block-button\"><a class=\"wp-block-button__link has-white-color has-text-color has-background\" style=\"background-color:#366621\">A PARTIR DE 6\/7 ANS<\/a><\/div>\n\n\n\n<div class=\"wp-block-button\"><a class=\"wp-block-button__link has-white-color has-text-color has-background\" style=\"background-color:#366621\">ENFANT<\/a><\/div>\n\n\n\n<div class=\"wp-block-button\"><a class=\"wp-block-button__link has-white-color has-text-color has-background\" style=\"background-color:#366621\">ADOLESCENT<\/a><\/div>\n\n\n\n<div class=\"wp-block-button\"><a class=\"wp-block-button__link has-white-color has-text-color has-background\" style=\"background-color:#366621\">ADULTE<\/a><\/div>\n<\/div>\n\n\n\n<div style=\"height:15px\" aria-hidden=\"true\" class=\"wp-block-spacer\"><\/div>\n\n\n\n<div class=\"wp-container-5 wp-block-buttons\">\n<div class=\"wp-block-button\"><a class=\"wp-block-button__link has-white-color has-text-color has-background\" style=\"background-color:#3a6621\">4 \u00e0 12 PARTICIPANTS<\/a><\/div>\n<\/div>\n\n\n\n<div style=\"height:15px\" aria-hidden=\"true\" class=\"wp-block-spacer\"><\/div>\n\n\n\n<div class=\"wp-container-6 wp-block-buttons\">\n<div class=\"wp-block-button\"><a class=\"wp-block-button__link has-white-color has-text-color has-background\" style=\"background-color:#3a6621\">PARTICULIER<\/a><\/div>\n\n\n\n<div class=\"wp-block-button\"><a class=\"wp-block-button__link has-white-color has-text-color has-background\" style=\"background-color:#3a6621\">GROUPE <\/a><\/div>\n\n\n\n<div class=\"wp-block-button\"><a class=\"wp-block-button__link has-white-color has-text-color has-background\" style=\"background-color:#3a6621\">ACM <\/a><\/div>\n\n\n\n<div class=\"wp-block-button\"><a class=\"wp-block-button__link has-white-color has-text-color has-background\" style=\"background-color:#3a6621\">SCOLAIRE<\/a><\/div>\n\n\n\n<div class=\"wp-block-button\"><a class=\"wp-block-button__link has-white-color has-text-color has-background\" style=\"background-color:#3a6621\">ENTREPRISE <\/a><\/div>\n<\/div>\n\n\n\n<hr class=\"wp-block-separator has-text-color has-background has-luminous-vivid-orange-background-color has-luminous-vivid-orange-color is-style-wide\"\/>\n\n\n\n<p>Temps d&rsquo;animation \/ location :<\/p>\n\n\n\n<div class=\"wp-container-7 wp-block-buttons\">\n<div class=\"wp-block-button\"><a class=\"wp-block-button__link has-white-color has-text-color has-background\" style=\"background-color:#3a6621\">1h00 <\/a><\/div>\n\n\n\n<div class=\"wp-block-button\"><a class=\"wp-block-button__link has-white-color has-text-color has-background\" style=\"background-color:#3a6621\">2h00 <\/a><\/div>\n<\/div>\n\n\n\n<hr class=\"wp-block-separator has-text-color has-background has-luminous-vivid-orange-background-color has-luminous-vivid-orange-color is-style-wide\"\/>\n\n\n\n<p>Naviguez en toute s\u00e9curit\u00e9 sur nos paddles, nous fournissons des gilets d&rsquo;aide \u00e0 la flottabilit\u00e9 et du mat\u00e9riel aux normes et conforme \u00e0 la r\u00e8glementation en vigueur. Pour les groupes types ACM toute demande ce fait par mail \u00e0 l&rsquo;adresse contact@o2sports.fr<\/p>\n\n\n\n<hr class=\"wp-block-separator has-text-color has-background has-luminous-vivid-orange-background-color has-luminous-vivid-orange-color is-style-wide\"\/>\n\n\n\n<p class=\"has-text-align-center has-white-color has-text-color has-background has-large-font-size\" style=\"background-color:#ff6c00;font-style:normal;font-weight:700;text-transform:uppercase\"><a href=\"https:\/\/www.reservation.o2sports.fr\/location-de-canoe-voie-bleue.html\" data-type=\"URL\">POUR RESERVER, C&rsquo;EST ICI<\/a><\/p>\n\n\n\n<blockquote class=\"wp-block-quote\"><p>Une activit\u00e9 id\u00e9ale pour vous amusez par temps chaud, et profiter de la fraicheur de l&rsquo;eau, c&rsquo;est aussi une embarcation plaisbile qui offre des sensations unique.. <\/p><cite>L&rsquo;\u00e9quipe d&rsquo;O2 Sports.<\/cite><\/blockquote>\n","protected":false},"excerpt":{"rendered":"<p>Une planche, une pagaie et c\u2019est parti ! D\u00e9couvrez cette activit\u00e9 qui vous permettra de d\u00e9velopper votre \u00e9quilibre. Choisissez le Stand Up Paddle pour profiter de nos cours d\u2019eau comme jamais vous n\u2019avez pu le faire. Cette embarcation gonflable et man\u0153uvri\u00e8re permet de se d\u00e9placer facilement sur l\u2019eau. La prise en main est simple et [&hellip;]<\/p>\n","protected":false},"author":1,"featured_media":0,"parent":0,"menu_order":0,"comment_status":"closed","ping_status":"closed","template":"","meta":[],"_links":{"self":[{"href":"https:\/\/o2sports.fr\/index.php\/wp-json\/wp\/v2\/pages\/606"}],"collection":[{"href":"https:\/\/o2sports.fr\/index.php\/wp-json\/wp\/v2\/pages"}],"about":[{"href":"https:\/\/o2sports.fr\/index.php\/wp-json\/wp\/v2\/types\/page"}],"author":[{"embeddable":true,"href":"https:\/\/o2sports.fr\/index.php\/wp-json\/wp\/v2\/users\/1"}],"replies":[{"embeddable":true,"href":"https:\/\/o2sports.fr\/index.php\/wp-json\/wp\/v2\/comments?post=606"}],"version-history":[{"count":8,"href":"https:\/\/o2sports.fr\/index.php\/wp-json\/wp\/v2\/pages\/606\/revisions"}],"predecessor-version":[{"id":801,"href":"https:\/\/o2sports.fr\/index.php\/wp-json\/wp\/v2\/pages\/606\/revisions\/801"}],"wp:attachment":[{"href":"https:\/\/o2sports.fr\/index.php\/wp-json\/wp\/v2\/media?parent=606"}],"curies":[{"name":"wp","href":"https:\/\/api.w.org\/{rel}","templated":true}]}}