{"id":489,"date":"2022-04-06T10:33:00","date_gmt":"2022-04-06T08:33:00","guid":{"rendered":"http:\/\/o2sports.fr\/?page_id=489"},"modified":"2022-04-09T13:28:00","modified_gmt":"2022-04-09T11:28:00","slug":"nos-evenements","status":"publish","type":"page","link":"https:\/\/o2sports.fr\/index.php\/nos-evenements\/","title":{"rendered":"EVENEMENTS"},"content":{"rendered":"\n<p class=\"has-text-align-center has-luminous-vivid-orange-color has-text-color has-large-font-size\"><strong>EVENEMENTS O2 SPORTS 2022<\/strong><\/p>\n\n\n\n<hr class=\"wp-block-separator has-text-color has-background has-luminous-vivid-orange-background-color has-luminous-vivid-orange-color is-style-wide\"\/>\n\n\n\n<div class=\"wp-container-3 wp-block-columns\">\n<div class=\"wp-container-1 wp-block-column\">\n<p class=\"has-text-align-center has-white-color has-vivid-cyan-blue-background-color has-text-color has-background\" style=\"font-size:24px\"><strong>SAMEDI 18 JUIN<\/strong><\/p>\n<\/div>\n\n\n\n<div class=\"wp-container-2 wp-block-column\">\n<p class=\"has-text-align-center has-white-color has-vivid-cyan-blue-background-color has-text-color has-background\" style=\"font-size:24px\"><strong>SAMEDI 24 SEPTEMBRE<\/strong><\/p>\n<\/div>\n<\/div>\n\n\n\n<div class=\"wp-container-6 wp-block-columns\">\n<div class=\"wp-container-4 wp-block-column\">\n<div class=\"wp-block-cover aligncenter is-light has-custom-content-position is-position-bottom-center\"><span aria-hidden=\"true\" class=\"has-background-dim-30 wp-block-cover__gradient-background has-background-dim\"><\/span><img loading=\"lazy\" width=\"849\" height=\"716\" class=\"wp-block-cover__image-background wp-image-755\" alt=\"\" src=\"http:\/\/o2sports.fr\/wp-content\/uploads\/2022\/04\/Presentation1-1.jpg\" data-object-fit=\"cover\" srcset=\"https:\/\/o2sports.fr\/wp-content\/uploads\/2022\/04\/Presentation1-1.jpg 849w, https:\/\/o2sports.fr\/wp-content\/uploads\/2022\/04\/Presentation1-1-300x253.jpg 300w, https:\/\/o2sports.fr\/wp-content\/uploads\/2022\/04\/Presentation1-1-768x648.jpg 768w\" sizes=\"(max-width: 849px) 100vw, 849px\" \/><div class=\"wp-block-cover__inner-container\">\n<p class=\"has-text-align-center has-white-color has-text-color\" style=\"font-size:25px\"><strong><a href=\"http:\/\/o2sports.fr\/index.php\/chasse-aux-canards-geantes\/\" data-type=\"page\" data-id=\"752\">CHASSE AU CANARD GEANTE<\/a><\/strong><\/p>\n<\/div><\/div>\n<\/div>\n\n\n\n<div class=\"wp-container-5 wp-block-column\">\n<div class=\"wp-block-cover is-light has-custom-content-position is-position-bottom-center\"><span aria-hidden=\"true\" class=\"wp-block-cover__gradient-background has-background-dim\"><\/span><img loading=\"lazy\" width=\"1024\" height=\"683\" class=\"wp-block-cover__image-background wp-image-666\" alt=\"\" src=\"http:\/\/o2sports.fr\/wp-content\/uploads\/2022\/04\/Bas-2-1024x683.jpg\" data-object-fit=\"cover\" srcset=\"https:\/\/o2sports.fr\/wp-content\/uploads\/2022\/04\/Bas-2-1024x683.jpg 1024w, https:\/\/o2sports.fr\/wp-content\/uploads\/2022\/04\/Bas-2-300x200.jpg 300w, https:\/\/o2sports.fr\/wp-content\/uploads\/2022\/04\/Bas-2-768x512.jpg 768w, https:\/\/o2sports.fr\/wp-content\/uploads\/2022\/04\/Bas-2.jpg 1200w\" sizes=\"(max-width: 1024px) 100vw, 1024px\" \/><div class=\"wp-block-cover__inner-container\">\n<p class=\"has-text-align-center has-white-color has-text-color\" style=\"font-size:26px\"><strong>COURSE AUX REMPART<\/strong>S<\/p>\n<\/div><\/div>\n<\/div>\n<\/div>\n\n\n\n<hr class=\"wp-block-separator has-text-color has-background has-luminous-vivid-orange-background-color has-luminous-vivid-orange-color is-style-wide\"\/>\n\n\n\n<p class=\"has-text-align-center has-luminous-vivid-orange-color has-text-color has-large-font-size\"><strong>LES EVENEMENTS DE NOS PARTENAIRES<\/strong><\/p>\n\n\n\n<div class=\"wp-container-9 wp-block-columns\">\n<div class=\"wp-container-7 wp-block-column is-vertically-aligned-center\" style=\"flex-basis:33.33%\">\n<p class=\"has-text-align-center has-white-color has-luminous-vivid-orange-background-color has-text-color has-background\" style=\"font-size:26px\"><strong>Dimanche 1er Mai 2022<\/strong><\/p>\n<\/div>\n\n\n\n<div class=\"wp-container-8 wp-block-column\" style=\"flex-basis:66.66%\">\n<div class=\"wp-block-cover is-light\" style=\"min-height:160px\"><span aria-hidden=\"true\" class=\"has-background-dim-30 wp-block-cover__gradient-background has-background-dim\"><\/span><img loading=\"lazy\" width=\"768\" height=\"430\" class=\"wp-block-cover__image-background wp-image-763\" alt=\"\" src=\"http:\/\/o2sports.fr\/wp-content\/uploads\/2022\/04\/4.4.1-MAjeure-1.jpg\" style=\"object-position:42% 31%\" data-object-fit=\"cover\" data-object-position=\"42% 31%\" srcset=\"https:\/\/o2sports.fr\/wp-content\/uploads\/2022\/04\/4.4.1-MAjeure-1.jpg 768w, https:\/\/o2sports.fr\/wp-content\/uploads\/2022\/04\/4.4.1-MAjeure-1-300x168.jpg 300w\" sizes=\"(max-width: 768px) 100vw, 768px\" \/><div class=\"wp-block-cover__inner-container\">\n<p class=\"has-text-align-right has-white-color has-text-color\" style=\"font-size:26px\"><strong>Randonn\u00e9e p\u00e9destre d&rsquo;inauguration \u00e0 Sedan<\/strong><\/p>\n\n\n\n<p class=\"has-text-align-right has-text-color has-medium-font-size\" style=\"color:#e1e1e1\"><em><strong>La Maison des Randonn\u00e9es<\/strong><\/em><\/p>\n<\/div><\/div>\n<\/div>\n<\/div>\n\n\n\n<p><\/p>\n\n\n\n<p><\/p>\n","protected":false},"excerpt":{"rendered":"<p>EVENEMENTS O2 SPORTS 2022 SAMEDI 18 JUIN SAMEDI 24 SEPTEMBRE LES EVENEMENTS DE NOS PARTENAIRES Dimanche 1er Mai 2022<\/p>\n","protected":false},"author":1,"featured_media":0,"parent":0,"menu_order":0,"comment_status":"closed","ping_status":"closed","template":"","meta":[],"_links":{"self":[{"href":"https:\/\/o2sports.fr\/index.php\/wp-json\/wp\/v2\/pages\/489"}],"collection":[{"href":"https:\/\/o2sports.fr\/index.php\/wp-json\/wp\/v2\/pages"}],"about":[{"href":"https:\/\/o2sports.fr\/index.php\/wp-json\/wp\/v2\/types\/page"}],"author":[{"embeddable":true,"href":"https:\/\/o2sports.fr\/index.php\/wp-json\/wp\/v2\/users\/1"}],"replies":[{"embeddable":true,"href":"https:\/\/o2sports.fr\/index.php\/wp-json\/wp\/v2\/comments?post=489"}],"version-history":[{"count":20,"href":"https:\/\/o2sports.fr\/index.php\/wp-json\/wp\/v2\/pages\/489\/revisions"}],"predecessor-version":[{"id":779,"href":"https:\/\/o2sports.fr\/index.php\/wp-json\/wp\/v2\/pages\/489\/revisions\/779"}],"wp:attachment":[{"href":"https:\/\/o2sports.fr\/index.php\/wp-json\/wp\/v2\/media?parent=489"}],"curies":[{"name":"wp","href":"https:\/\/api.w.org\/{rel}","templated":true}]}}