{"id":485,"date":"2022-04-06T10:31:41","date_gmt":"2022-04-06T08:31:41","guid":{"rendered":"http:\/\/o2sports.fr\/?page_id=485"},"modified":"2022-04-07T11:04:06","modified_gmt":"2022-04-07T09:04:06","slug":"trip-and-sleep-micro-aventure","status":"publish","type":"page","link":"https:\/\/o2sports.fr\/index.php\/trip-and-sleep-micro-aventure\/","title":{"rendered":"TRIP AND SLEEP (micro-aventure)"},"content":{"rendered":"\n<p class=\"has-text-color\" style=\"color:#3a6621;font-size:24px;font-style:normal;font-weight:600\">Revenez \u00e0 la nature, vivez l&rsquo;aventure culot\u00e9e !<\/p>\n\n\n\n<div class=\"wp-block-cover is-light\" style=\"min-height:440px\"><span aria-hidden=\"true\" class=\"has-background-dim-20 wp-block-cover__gradient-background has-background-dim\"><\/span><img loading=\"lazy\" width=\"1280\" height=\"720\" class=\"wp-block-cover__image-background wp-image-645\" alt=\"\" src=\"http:\/\/o2sports.fr\/wp-content\/uploads\/2022\/04\/couv.jpg\" style=\"object-position:50% 50%\" data-object-fit=\"cover\" data-object-position=\"50% 50%\" srcset=\"https:\/\/o2sports.fr\/wp-content\/uploads\/2022\/04\/couv.jpg 1280w, https:\/\/o2sports.fr\/wp-content\/uploads\/2022\/04\/couv-300x169.jpg 300w, https:\/\/o2sports.fr\/wp-content\/uploads\/2022\/04\/couv-1024x576.jpg 1024w, https:\/\/o2sports.fr\/wp-content\/uploads\/2022\/04\/couv-768x432.jpg 768w, https:\/\/o2sports.fr\/wp-content\/uploads\/2022\/04\/couv-800x450.jpg 800w\" sizes=\"(max-width: 1280px) 100vw, 1280px\" \/><div class=\"wp-block-cover__inner-container\">\n<p class=\"has-large-font-size\"><\/p>\n<\/div><\/div>\n\n\n\n<p><\/p>\n\n\n\n<p class=\"has-text-align-center has-white-color has-text-color has-background has-medium-font-size\" style=\"background-color:#3a6621;font-style:normal;font-weight:600\">L&rsquo;ESPRIT TRIP AND SLEEP<\/p>\n\n\n\n<p class=\"has-text-color has-medium-font-size\" style=\"color:#3a6621;font-style:normal;font-weight:600\">Notre philosophie :<\/p>\n\n\n\n<blockquote class=\"wp-block-quote\"><p><em>Ah la grande aventure&#8230; Tu n&rsquo;as jamais eu envie de tout plaquer et partir au bout du monde ?! Oublie les contr\u00e9es lointaines, l&rsquo;aventure se vit \u00e0 deux pas de chez toi. Pas besoin d&rsquo;\u00eatre un adepte de Mike Horn, un slip et un couteau te suffiront !<\/em><\/p><cite>???<\/cite><\/blockquote>\n\n\n\n<p><strong>Revenez \u00e0 la nature, Vivez l\u2019aventure culot\u00e9e ! <\/strong>Tentez la micro-aventure le temps d\u2019une journ\u00e9e, d\u2019un week-end ou m\u00eame d\u2019une soir\u00e9e. A vous de voir apr\u00e8s tout c\u2019est votre trip.<\/p>\n\n\n\n<p>Nos Ardennes on les aime et on veut aussi vous en faire profiter, vous les faire d\u00e9couvrir voir red\u00e9couvrir. Alors pourquoi pas se laisser guider au c\u0153ur des for\u00eats, aux confins de la nature sauvage ?<\/p>\n\n\n\n<p><strong>Partez \u00e0 l\u2019aventure \u00e0 travers nos offres Trip and <\/strong><strong>Sleep<\/strong><strong> et glissez vous dans la peau d\u2019un aventurier culot\u00e9 !<\/strong><\/p>\n\n\n\n<p class=\"has-text-align-center has-white-color has-text-color has-background has-medium-font-size\" style=\"background-color:#3a6621;font-style:normal;font-weight:600\">MICRO-AVENTURE T&amp;S<\/p>\n\n\n\n<p><strong>Et si ensemble on \u00e9crivait votre histoire, qu\u2019on cr\u00e9ait votre aventure personnalis\u00e9e ?!<\/strong> <\/p>\n\n\n\n<ul><li>Choisissez la dur\u00e9e, plus c\u2019est long mieux c\u2019est\u2026 quoique pas toujours.<\/li><li>Vous \u00eates un trappeur aguerri ou juste un d\u00e9butant ? qu\u2019importe vous pouvez indiquer votre niveau de parcours  <\/li><li>En flottant, en marchant, en p\u00e9dalant, prenez votre pied, choisissez votre ou vos moyens de d\u00e9placement. <\/li><li>Vous n\u2019avez plus qu\u2019\u00e0 nous donner la zone g\u00e9ographique souhait\u00e9e et une date. <\/li><\/ul>\n\n\n\n<p><strong>Notre \u00e9quipe se charge de vous construire une aventure sur mesure.<\/strong><\/p>\n\n\n\n<p>Quand on vous dit qu\u2019un slip et un couteau suffisent pour partir \u00e0 l\u2019aventure, on ne vous ment pas. Mais vous pouvez aussi venir habiller on ira quand m\u00eame s\u2019aventurer dans la nature, grimper en haut des sommets, descendre les rivi\u00e8res en cano\u00eb.<\/p>\n\n\n\n<p class=\"has-text-align-center has-white-color has-text-color has-background has-medium-font-size\" style=\"background-color:#3a6621;font-style:normal;font-weight:600\">ATELIER DES AVENTURES<\/p>\n\n\n\n<div class=\"wp-container-5 wp-block-columns\">\n<div class=\"wp-container-1 wp-block-column\">\n<div class=\"wp-block-cover is-light\"><span aria-hidden=\"true\" class=\"wp-block-cover__gradient-background has-background-dim\"><\/span><img loading=\"lazy\" width=\"1200\" height=\"800\" class=\"wp-block-cover__image-background wp-image-626\" alt=\"\" src=\"http:\/\/o2sports.fr\/wp-content\/uploads\/2022\/04\/Arriere-plan-foret.jpg\" data-object-fit=\"cover\" srcset=\"https:\/\/o2sports.fr\/wp-content\/uploads\/2022\/04\/Arriere-plan-foret.jpg 1200w, https:\/\/o2sports.fr\/wp-content\/uploads\/2022\/04\/Arriere-plan-foret-300x200.jpg 300w, https:\/\/o2sports.fr\/wp-content\/uploads\/2022\/04\/Arriere-plan-foret-1024x683.jpg 1024w, https:\/\/o2sports.fr\/wp-content\/uploads\/2022\/04\/Arriere-plan-foret-768x512.jpg 768w\" sizes=\"(max-width: 1200px) 100vw, 1200px\" \/><div class=\"wp-block-cover__inner-container\">\n<p class=\"has-text-align-center has-white-color has-text-color\" style=\"font-size:25px\">ARBORERUM<\/p>\n<\/div><\/div>\n<\/div>\n\n\n\n<div class=\"wp-container-2 wp-block-column\">\n<div class=\"wp-block-cover is-light\"><span aria-hidden=\"true\" class=\"wp-block-cover__gradient-background has-background-dim\"><\/span><img loading=\"lazy\" width=\"1200\" height=\"800\" class=\"wp-block-cover__image-background wp-image-626\" alt=\"\" src=\"http:\/\/o2sports.fr\/wp-content\/uploads\/2022\/04\/Arriere-plan-foret.jpg\" data-object-fit=\"cover\" srcset=\"https:\/\/o2sports.fr\/wp-content\/uploads\/2022\/04\/Arriere-plan-foret.jpg 1200w, https:\/\/o2sports.fr\/wp-content\/uploads\/2022\/04\/Arriere-plan-foret-300x200.jpg 300w, https:\/\/o2sports.fr\/wp-content\/uploads\/2022\/04\/Arriere-plan-foret-1024x683.jpg 1024w, https:\/\/o2sports.fr\/wp-content\/uploads\/2022\/04\/Arriere-plan-foret-768x512.jpg 768w\" sizes=\"(max-width: 1200px) 100vw, 1200px\" \/><div class=\"wp-block-cover__inner-container\">\n<p class=\"has-text-align-center has-white-color has-text-color\" style=\"font-size:26px\">TRAPPEUR<\/p>\n<\/div><\/div>\n<\/div>\n\n\n\n<div class=\"wp-container-3 wp-block-column\">\n<div class=\"wp-block-cover is-light\"><span aria-hidden=\"true\" class=\"wp-block-cover__gradient-background has-background-dim\"><\/span><img loading=\"lazy\" width=\"1200\" height=\"800\" class=\"wp-block-cover__image-background wp-image-626\" alt=\"\" src=\"http:\/\/o2sports.fr\/wp-content\/uploads\/2022\/04\/Arriere-plan-foret.jpg\" data-object-fit=\"cover\" srcset=\"https:\/\/o2sports.fr\/wp-content\/uploads\/2022\/04\/Arriere-plan-foret.jpg 1200w, https:\/\/o2sports.fr\/wp-content\/uploads\/2022\/04\/Arriere-plan-foret-300x200.jpg 300w, https:\/\/o2sports.fr\/wp-content\/uploads\/2022\/04\/Arriere-plan-foret-1024x683.jpg 1024w, https:\/\/o2sports.fr\/wp-content\/uploads\/2022\/04\/Arriere-plan-foret-768x512.jpg 768w\" sizes=\"(max-width: 1200px) 100vw, 1200px\" \/><div class=\"wp-block-cover__inner-container\">\n<p class=\"has-text-align-center has-white-color has-text-color\" style=\"font-size:25px\">CAP AVENTURIER<\/p>\n<\/div><\/div>\n<\/div>\n\n\n\n<div class=\"wp-container-4 wp-block-column\">\n<div class=\"wp-block-cover is-light\"><span aria-hidden=\"true\" class=\"wp-block-cover__gradient-background has-background-dim\"><\/span><img loading=\"lazy\" width=\"1200\" height=\"800\" class=\"wp-block-cover__image-background wp-image-626\" alt=\"\" src=\"http:\/\/o2sports.fr\/wp-content\/uploads\/2022\/04\/Arriere-plan-foret.jpg\" data-object-fit=\"cover\" srcset=\"https:\/\/o2sports.fr\/wp-content\/uploads\/2022\/04\/Arriere-plan-foret.jpg 1200w, https:\/\/o2sports.fr\/wp-content\/uploads\/2022\/04\/Arriere-plan-foret-300x200.jpg 300w, https:\/\/o2sports.fr\/wp-content\/uploads\/2022\/04\/Arriere-plan-foret-1024x683.jpg 1024w, https:\/\/o2sports.fr\/wp-content\/uploads\/2022\/04\/Arriere-plan-foret-768x512.jpg 768w\" sizes=\"(max-width: 1200px) 100vw, 1200px\" \/><div class=\"wp-block-cover__inner-container\">\n<p class=\"has-text-align-center has-white-color has-text-color\" style=\"font-size:26px\">ASTRO BIVOUAC<\/p>\n<\/div><\/div>\n<\/div>\n<\/div>\n\n\n\n<p class=\"has-text-align-center has-white-color has-text-color has-background has-medium-font-size\" style=\"background-color:#3a6621;font-style:normal;font-weight:600\">LES CULOTEES<\/p>\n\n\n\n<p><strong>Id\u00e9ales pour les s\u00e9minaires d\u2019entreprises, notamment gr\u00e2ce \u00e0 de nombreux ateliers qui favorisent la coop\u00e9ration, l\u2019ext\u00e9riorisation et la mise en place d\u2019actions efficaces.<\/strong><\/p>\n\n\n\n<div class=\"wp-container-8 wp-block-columns\">\n<div class=\"wp-container-6 wp-block-column\">\n<div class=\"wp-block-cover is-light\"><span aria-hidden=\"true\" class=\"wp-block-cover__gradient-background has-background-dim\"><\/span><img loading=\"lazy\" width=\"1200\" height=\"800\" class=\"wp-block-cover__image-background wp-image-626\" alt=\"\" src=\"http:\/\/o2sports.fr\/wp-content\/uploads\/2022\/04\/Arriere-plan-foret.jpg\" data-object-fit=\"cover\" srcset=\"https:\/\/o2sports.fr\/wp-content\/uploads\/2022\/04\/Arriere-plan-foret.jpg 1200w, https:\/\/o2sports.fr\/wp-content\/uploads\/2022\/04\/Arriere-plan-foret-300x200.jpg 300w, https:\/\/o2sports.fr\/wp-content\/uploads\/2022\/04\/Arriere-plan-foret-1024x683.jpg 1024w, https:\/\/o2sports.fr\/wp-content\/uploads\/2022\/04\/Arriere-plan-foret-768x512.jpg 768w\" sizes=\"(max-width: 1200px) 100vw, 1200px\" \/><div class=\"wp-block-cover__inner-container\">\n<p class=\"has-text-align-center has-white-color has-text-color has-large-font-size\">LA BUCHE D&rsquo;OR<\/p>\n<\/div><\/div>\n<\/div>\n\n\n\n<div class=\"wp-container-7 wp-block-column\">\n<div class=\"wp-block-cover is-light\"><span aria-hidden=\"true\" class=\"wp-block-cover__gradient-background has-background-dim\"><\/span><img loading=\"lazy\" width=\"1200\" height=\"800\" class=\"wp-block-cover__image-background wp-image-626\" alt=\"\" src=\"http:\/\/o2sports.fr\/wp-content\/uploads\/2022\/04\/Arriere-plan-foret.jpg\" data-object-fit=\"cover\" srcset=\"https:\/\/o2sports.fr\/wp-content\/uploads\/2022\/04\/Arriere-plan-foret.jpg 1200w, https:\/\/o2sports.fr\/wp-content\/uploads\/2022\/04\/Arriere-plan-foret-300x200.jpg 300w, https:\/\/o2sports.fr\/wp-content\/uploads\/2022\/04\/Arriere-plan-foret-1024x683.jpg 1024w, https:\/\/o2sports.fr\/wp-content\/uploads\/2022\/04\/Arriere-plan-foret-768x512.jpg 768w\" sizes=\"(max-width: 1200px) 100vw, 1200px\" \/><div class=\"wp-block-cover__inner-container\">\n<p class=\"has-text-align-center has-white-color has-text-color has-large-font-size\">SURVIV&rsquo;AVENTURE<\/p>\n<\/div><\/div>\n<\/div>\n<\/div>\n\n\n\n<p><\/p>\n","protected":false},"excerpt":{"rendered":"<p>Revenez \u00e0 la nature, vivez l&rsquo;aventure culot\u00e9e ! L&rsquo;ESPRIT TRIP AND SLEEP Notre philosophie : Ah la grande aventure&#8230; Tu n&rsquo;as jamais eu envie de tout plaquer et partir au bout du monde ?! Oublie les contr\u00e9es lointaines, l&rsquo;aventure se vit \u00e0 deux pas de chez toi. Pas besoin d&rsquo;\u00eatre un adepte de Mike Horn, [&hellip;]<\/p>\n","protected":false},"author":1,"featured_media":0,"parent":0,"menu_order":0,"comment_status":"closed","ping_status":"closed","template":"","meta":[],"_links":{"self":[{"href":"https:\/\/o2sports.fr\/index.php\/wp-json\/wp\/v2\/pages\/485"}],"collection":[{"href":"https:\/\/o2sports.fr\/index.php\/wp-json\/wp\/v2\/pages"}],"about":[{"href":"https:\/\/o2sports.fr\/index.php\/wp-json\/wp\/v2\/types\/page"}],"author":[{"embeddable":true,"href":"https:\/\/o2sports.fr\/index.php\/wp-json\/wp\/v2\/users\/1"}],"replies":[{"embeddable":true,"href":"https:\/\/o2sports.fr\/index.php\/wp-json\/wp\/v2\/comments?post=485"}],"version-history":[{"count":11,"href":"https:\/\/o2sports.fr\/index.php\/wp-json\/wp\/v2\/pages\/485\/revisions"}],"predecessor-version":[{"id":702,"href":"https:\/\/o2sports.fr\/index.php\/wp-json\/wp\/v2\/pages\/485\/revisions\/702"}],"wp:attachment":[{"href":"https:\/\/o2sports.fr\/index.php\/wp-json\/wp\/v2\/media?parent=485"}],"curies":[{"name":"wp","href":"https:\/\/api.w.org\/{rel}","templated":true}]}}